{"id":6927,"date":"2020-12-14T12:06:34","date_gmt":"2020-12-14T11:06:34","guid":{"rendered":"https:\/\/teilhabekoordination-sachsen.de\/impressum\/"},"modified":"2020-12-14T12:09:49","modified_gmt":"2020-12-14T11:09:49","slug":"impressum","status":"publish","type":"page","link":"https:\/\/teilhabekoordination-sachsen.de\/ls\/impressum\/","title":{"rendered":"Impressum"},"content":{"rendered":"<p>[vc_row][vc_column][vc_column_text]Landesarbeitsgemeinschaft Selbsthilfe Sachsen e. V. (LAG SH SACHSEN)<br \/>\nc\/o Selbsthilfenetzwerk Sachsen<br \/>\nMichelangelostra\u00dfe 2<br \/>\n01217 Dresden<br \/>\nTelefon: 0351 479 35014<\/p>\n<p>info@ fachstelle-teilhabekoordination.de<br \/>\nwww.fachstelle-teilhabekoordination.de<\/p>\n<p>&nbsp;<\/p>\n<p><strong>Vertretungsberechtigt<\/strong><\/p>\n<p>Immo Stamm, Vorsitzender<br \/>\nBritta Soppala und Martin Manfred B\u00f6rngen, stellvertretende Vorsitzende<br \/>\nRegistrierungsgericht: Amtsgericht Dresden Register Nr. VR 1242<\/p>\n<p>Verantwortlich im Sinne des \u00a7 55 RStV:<\/p>\n<p>Immo Stamm, Vorstandsvorsitzender LAG SH Sachsen,<br \/>\nMichelangelostra\u00dfe 2, 01217 Dresden<\/p>\n<p>&nbsp;<\/p>\n<p><strong>Redaktion<\/strong><\/p>\n<p>Anne Hiecke<br \/>\nDaniel Pech<\/p>\n<p>&nbsp;<\/p>\n<p><strong>Webdesign, technische Umsetzung und Programmierung<\/strong><\/p>\n<p>MattGelb &#8211; Katy Schmitt<br \/>\n<a href=\"https:\/\/mattgelb.de\" target=\"_blank\" rel=\"noopener noreferrer\"> www.mattgelb.de<\/a><\/p>\n<p>&nbsp;<\/p>\n<p><strong>Rechtliche Hinweise zum Urheberrecht<\/strong><\/p>\n<p>Das Layout der Webseite und die verwendeten Grafiken sind urheberrechtlich gesch\u00fctzt. Alle Rechte vorbehalten.<\/p>\n<p>&nbsp;<\/p>\n<p><strong>Bildquellen<\/strong><\/p>\n<p>stock.adobe.com<br \/>\n123rf.com.com<br \/>\nLandesarbeitsgemeinschaft Selbsthilfe Sachsen e. V.<\/p>\n<p>&nbsp;<\/p>\n<p><strong>Logo<\/strong><\/p>\n<p>Juliane Scherz, colibris<\/p>\n<p>&nbsp;<\/p>\n<p><strong>HAFTUNGSAUSSCHLUSS<\/strong><\/p>\n<p>Wir erkl\u00e4ren hiermit ausdr\u00fccklich, dass von uns verlinkte Seiten zum Zeitpunkt der Linksetzung frei von illegalen, ungesetzlichen und ethisch nicht vertretbaren Inhalten waren. Weder haben wir Einfluss auf die aktuelle und zuk\u00fcnftige Gestaltung, die Inhalte oder die Urheberschaft der gelinkten Seiten, noch sind wir verpflichtet, diese auf Aktualit\u00e4t, Richtigkeit und zivil- oder strafrechtliche Verantwortlichkeit zu pr\u00fcfen.<\/p>\n<p>F\u00fcr illegale, fehlerhafte oder unvollst\u00e4ndige Inhalte und insbesondere f\u00fcr Sch\u00e4den, die aus der Nutzung oder Nichtnutzung solcherart dargebotener Informationen entstehen, haftet allein der Anbieter der Seite, auf welche verwiesen wurde, nicht derjenige, der \u00fcber Links auf die jeweilige Ver\u00f6ffentlichung lediglich verweist.<\/p>\n<p>Deshalb distanzieren wir uns hiermit ausdr\u00fccklich von allen Inhalten aller gelinkten Seiten.[\/vc_column_text][\/vc_column][\/vc_row]<\/p>\n","protected":false},"excerpt":{"rendered":"<p>[vc_row][vc_column][vc_column_text]Landesarbeitsgemeinschaft Selbsthilfe Sachsen e. V. (LAG SH SACHSEN) c\/o Selbsthilfenetzwerk Sachsen Michelangelostra\u00dfe 2 01217 Dresden Telefon: 0351 479 35014 info@ fachstelle-teilhabekoordination.de www.fachstelle-teilhabekoordination.de &nbsp; Vertretungsberechtigt Immo Stamm, Vorsitzender Britta Soppala und Martin Manfred B\u00f6rngen, stellvertretende Vorsitzende Registrierungsgericht: Amtsgericht Dresden Register Nr. VR 1242 Verantwortlich im Sinne des \u00a7 55 RStV: Immo Stamm, Vorstandsvorsitzender LAG SH Sachsen, [&hellip;]<\/p>\n","protected":false},"author":5,"featured_media":0,"parent":0,"menu_order":0,"comment_status":"closed","ping_status":"closed","template":"","meta":{"footnotes":""},"class_list":["post-6927","page","type-page","status-publish","hentry"],"_links":{"self":[{"href":"https:\/\/teilhabekoordination-sachsen.de\/ls\/wp-json\/wp\/v2\/pages\/6927","targetHints":{"allow":["GET"]}}],"collection":[{"href":"https:\/\/teilhabekoordination-sachsen.de\/ls\/wp-json\/wp\/v2\/pages"}],"about":[{"href":"https:\/\/teilhabekoordination-sachsen.de\/ls\/wp-json\/wp\/v2\/types\/page"}],"author":[{"embeddable":true,"href":"https:\/\/teilhabekoordination-sachsen.de\/ls\/wp-json\/wp\/v2\/users\/5"}],"replies":[{"embeddable":true,"href":"https:\/\/teilhabekoordination-sachsen.de\/ls\/wp-json\/wp\/v2\/comments?post=6927"}],"version-history":[{"count":3,"href":"https:\/\/teilhabekoordination-sachsen.de\/ls\/wp-json\/wp\/v2\/pages\/6927\/revisions"}],"predecessor-version":[{"id":6937,"href":"https:\/\/teilhabekoordination-sachsen.de\/ls\/wp-json\/wp\/v2\/pages\/6927\/revisions\/6937"}],"wp:attachment":[{"href":"https:\/\/teilhabekoordination-sachsen.de\/ls\/wp-json\/wp\/v2\/media?parent=6927"}],"curies":[{"name":"wp","href":"https:\/\/api.w.org\/{rel}","templated":true}]}}